{"id":343,"date":"2024-03-06T08:56:31","date_gmt":"2024-03-06T08:56:31","guid":{"rendered":"https:\/\/staging.agriguide.eu\/lithuania\/lt\/front-page\/"},"modified":"2026-02-20T19:11:22","modified_gmt":"2026-02-20T19:11:22","slug":"front-page","status":"publish","type":"page","link":"https:\/\/www.agriguide.eu\/lithuania\/lt\/","title":{"rendered":"Front Page"},"content":{"rendered":"","protected":true},"excerpt":{"rendered":"","protected":true},"author":3,"featured_media":0,"parent":0,"menu_order":0,"comment_status":"closed","ping_status":"closed","template":"","meta":{"_acf_changed":false,"inline_featured_image":false,"footnotes":""},"class_list":["post-343","page","type-page","status-publish","post-password-required","hentry"],"acf":[],"yoast_head":"<!-- This site is optimized with the Yoast SEO plugin v27.3 - https:\/\/yoast.com\/product\/yoast-seo-wordpress\/ -->\n<title>Front Page - AgriGuide Lithuania<\/title>\n<meta name=\"robots\" content=\"index, follow, max-snippet:-1, max-image-preview:large, max-video-preview:-1\" \/>\n<link rel=\"canonical\" href=\"https:\/\/www.agriguide.eu\/lithuania\/lt\/\" \/>\n<meta property=\"og:locale\" content=\"lt_LT\" \/>\n<meta property=\"og:type\" content=\"article\" \/>\n<meta property=\"og:title\" content=\"Front Page - AgriGuide Lithuania\" \/>\n<meta property=\"og:description\" content=\"I\u0161traukos n\u0117ra, nes \u010dia apsaugotas \u012fra\u0161as.\" \/>\n<meta property=\"og:url\" content=\"https:\/\/www.agriguide.eu\/lithuania\/lt\/\" \/>\n<meta property=\"og:site_name\" content=\"AgriGuide Lithuania\" \/>\n<meta property=\"article:modified_time\" content=\"2026-02-20T19:11:22+00:00\" \/>\n<meta name=\"twitter:card\" content=\"summary_large_image\" \/>\n<script type=\"application\/ld+json\" class=\"yoast-schema-graph\">{\"@context\":\"https:\\\/\\\/schema.org\",\"@graph\":[{\"@type\":\"WebPage\",\"@id\":\"https:\\\/\\\/www.agriguide.eu\\\/lithuania\\\/lt\\\/\",\"url\":\"https:\\\/\\\/www.agriguide.eu\\\/lithuania\\\/lt\\\/\",\"name\":\"Front Page - AgriGuide Lithuania\",\"isPartOf\":{\"@id\":\"https:\\\/\\\/www.agriguide.eu\\\/lithuania\\\/lt\\\/#website\"},\"datePublished\":\"2024-03-06T08:56:31+00:00\",\"dateModified\":\"2026-02-20T19:11:22+00:00\",\"breadcrumb\":{\"@id\":\"https:\\\/\\\/www.agriguide.eu\\\/lithuania\\\/lt\\\/#breadcrumb\"},\"inLanguage\":\"lt-LT\"},{\"@type\":\"WebSite\",\"@id\":\"https:\\\/\\\/www.agriguide.eu\\\/lithuania\\\/lt\\\/#website\",\"url\":\"https:\\\/\\\/www.agriguide.eu\\\/lithuania\\\/lt\\\/\",\"name\":\"AgriGuide Lithuania\",\"description\":\"\",\"potentialAction\":[{\"@type\":\"SearchAction\",\"target\":{\"@type\":\"EntryPoint\",\"urlTemplate\":\"https:\\\/\\\/www.agriguide.eu\\\/lithuania\\\/lt\\\/?s={search_term_string}\"},\"query-input\":{\"@type\":\"PropertyValueSpecification\",\"valueRequired\":true,\"valueName\":\"search_term_string\"}}],\"inLanguage\":\"lt-LT\"}]}<\/script>\n<!-- \/ Yoast SEO plugin. -->","yoast_head_json":{"title":"Front Page - AgriGuide Lithuania","robots":{"index":"index","follow":"follow","max-snippet":"max-snippet:-1","max-image-preview":"max-image-preview:large","max-video-preview":"max-video-preview:-1"},"canonical":"https:\/\/www.agriguide.eu\/lithuania\/lt\/","og_locale":"lt_LT","og_type":"article","og_title":"Front Page - AgriGuide Lithuania","og_description":"I\u0161traukos n\u0117ra, nes \u010dia apsaugotas \u012fra\u0161as.","og_url":"https:\/\/www.agriguide.eu\/lithuania\/lt\/","og_site_name":"AgriGuide Lithuania","article_modified_time":"2026-02-20T19:11:22+00:00","twitter_card":"summary_large_image","schema":{"@context":"https:\/\/schema.org","@graph":[{"@type":"WebPage","@id":"https:\/\/www.agriguide.eu\/lithuania\/lt\/","url":"https:\/\/www.agriguide.eu\/lithuania\/lt\/","name":"Front Page - AgriGuide Lithuania","isPartOf":{"@id":"https:\/\/www.agriguide.eu\/lithuania\/lt\/#website"},"datePublished":"2024-03-06T08:56:31+00:00","dateModified":"2026-02-20T19:11:22+00:00","breadcrumb":{"@id":"https:\/\/www.agriguide.eu\/lithuania\/lt\/#breadcrumb"},"inLanguage":"lt-LT"},{"@type":"WebSite","@id":"https:\/\/www.agriguide.eu\/lithuania\/lt\/#website","url":"https:\/\/www.agriguide.eu\/lithuania\/lt\/","name":"AgriGuide Lithuania","description":"","potentialAction":[{"@type":"SearchAction","target":{"@type":"EntryPoint","urlTemplate":"https:\/\/www.agriguide.eu\/lithuania\/lt\/?s={search_term_string}"},"query-input":{"@type":"PropertyValueSpecification","valueRequired":true,"valueName":"search_term_string"}}],"inLanguage":"lt-LT"}]}},"_links":{"self":[{"href":"https:\/\/www.agriguide.eu\/lithuania\/lt\/wp-json\/wp\/v2\/pages\/343","targetHints":{"allow":["GET"]}}],"collection":[{"href":"https:\/\/www.agriguide.eu\/lithuania\/lt\/wp-json\/wp\/v2\/pages"}],"about":[{"href":"https:\/\/www.agriguide.eu\/lithuania\/lt\/wp-json\/wp\/v2\/types\/page"}],"author":[{"embeddable":true,"href":"https:\/\/www.agriguide.eu\/lithuania\/lt\/wp-json\/wp\/v2\/users\/3"}],"replies":[{"embeddable":true,"href":"https:\/\/www.agriguide.eu\/lithuania\/lt\/wp-json\/wp\/v2\/comments?post=343"}],"version-history":[{"count":0,"href":"https:\/\/www.agriguide.eu\/lithuania\/lt\/wp-json\/wp\/v2\/pages\/343\/revisions"}],"wp:attachment":[{"href":"https:\/\/www.agriguide.eu\/lithuania\/lt\/wp-json\/wp\/v2\/media?parent=343"}],"curies":[{"name":"wp","href":"https:\/\/api.w.org\/{rel}","templated":true}]}}