{"id":340,"date":"2024-04-18T12:48:15","date_gmt":"2024-04-18T12:48:15","guid":{"rendered":"https:\/\/staging.agriguide.eu\/lithuania\/lt\/contact-support\/"},"modified":"2026-02-20T19:14:37","modified_gmt":"2026-02-20T19:14:37","slug":"contact-support","status":"publish","type":"page","link":"https:\/\/www.agriguide.eu\/lithuania\/lt\/contact-support\/","title":{"rendered":"Contact &amp; Support"},"content":{"rendered":"\n<h1 class=\"wp-block-heading has-text-align-center\">Kontaktai ir pagalba<\/h1>\n\n\n\n<p class=\"has-text-align-center\">Nedvejodami susisiekite su mumis nurodytu el. pa\u0161tu. Mes vertiname j\u016bs\u0173 nuomon\u0119.<\/p>\n\n\n\n<p class=\"has-text-align-center has-medium-font-size\"><a href=\"mailto:contact@agriguide.eu\">contact@agriguide.eu<\/a><\/p>\n\n\n\n<p><\/p>\n\n\n\n<div style=\"height:100px\" aria-hidden=\"true\" class=\"wp-block-spacer\"><\/div>\n\n\n\n<h2 class=\"wp-block-heading has-text-align-left\">Pra\u0161ymas panaikinti paskyr\u0105 \u201eAgriGuide\u201c program\u0117l\u0117je<\/h2>\n\n\n\n<p><\/p>\n\n\n\n<p><br><\/p>\n\n\n\n<div class=\"wp-block-columns is-layout-flex wp-container-core-columns-is-layout-9d6595d7 wp-block-columns-is-layout-flex\">\n<div class=\"wp-block-column is-layout-flow wp-block-column-is-layout-flow\" style=\"flex-basis:70%\">\n<div class=\"wp-block-group\"><div class=\"wp-block-group__inner-container is-layout-constrained wp-block-group-is-layout-constrained\">\n<p class=\"has-text-align-left\">Nor\u0117dami i\u0161trinti \u201eAgriGuide\u201c paskyr\u0105, si\u0173skite el. lai\u0161k\u0105 adresu contact@agriguide.eu nurodydami:<\/p>\n\n\n\n<p class=\"has-text-align-left has-medium-font-size\"><strong>Registruoto vartotojo paskyros i\u0161trynimo reikalavimai<\/strong><\/p>\n\n\n\n<ul class=\"wp-block-list\">\n<li>Asmeniniai duomenys: visas vardas ir el. pa\u0161tas, susietas su J\u016bs\u0173 AgriGuide program\u0117l\u0117s paskyra.<\/li>\n\n\n\n<li>Paskyros patvirtinimas: \u012etraukite bet koki\u0105 svarbi\u0105 informacij\u0105, padedan\u010di\u0105 patvirtinti paskyros savinink\u0105, pvz., registracijos dat\u0105 arba \u012frenginius, kuriuos naudojote prieigai prie program\u0117l\u0117s.<\/li>\n\n\n\n<li>I\u0161trynimo prie\u017eastis: nurodykite, kod\u0117l norite i\u0161trinti AgriGuide paskyr\u0105 (neb\u016btina).<\/li>\n\n\n\n<li>Patvirtinimo parei\u0161kimas: patvirtinkite, kad suprantate pasekmes i\u0161trynus paskyr\u0105 , pvz., prieigos praradim\u0105 prie pa\u017eym\u0117t\u0173 produkt\u0173 ir galimyb\u0117s sinchronizuoti produkt\u0173 informacij\u0105 tarp \u012frengini\u0173. Atkreipkite d\u0117mes\u012f, kad i\u0161trynus paskyr\u0105, visi su ja susij\u0119 duomenys bus pa\u0161alinti i\u0161 m\u016bs\u0173 sistem\u0173.<\/li>\n<\/ul>\n\n\n\n<p class=\"has-text-align-left\"><br><br><strong>Svarbu:<br><\/strong><br>Pra\u0161ome pra\u0161ym\u0105 pa\u0161alinti paskyr\u0105 si\u0173sti i\u0161 el. pa\u0161to, susieto su J\u016bs\u0173 \u201eAgriGuide\u201c program\u0117l\u0117s paskyra \u2013 tai palengvina patvirtinimo proces\u0105 ir u\u017etikrina informacijos saugum\u0105.<\/p>\n<\/div><\/div>\n<\/div>\n\n\n\n<div class=\"wp-block-column is-layout-flow wp-block-column-is-layout-flow\" style=\"flex-basis:30%\">\n<figure class=\"wp-block-image size-large\">\n\n                                                    \n    \n  <picture>\n    <source type=\"image\/webp\" sizes=\"100vw\" srcset=\"https:\/\/www.agriguide.eu\/lithuania\/wp-content\/uploads\/sites\/19\/2025\/02\/257471a8430fa6474615d4e781ac8203-copy-100x0-c-default.webp 100w, https:\/\/www.agriguide.eu\/lithuania\/wp-content\/uploads\/sites\/19\/2025\/02\/257471a8430fa6474615d4e781ac8203-copy-200x0-c-default.webp 200w, https:\/\/www.agriguide.eu\/lithuania\/wp-content\/uploads\/sites\/19\/2025\/02\/257471a8430fa6474615d4e781ac8203-copy-400x0-c-default.webp 400w, https:\/\/www.agriguide.eu\/lithuania\/wp-content\/uploads\/sites\/19\/2025\/02\/257471a8430fa6474615d4e781ac8203-copy-600x0-c-default.webp 600w, https:\/\/www.agriguide.eu\/lithuania\/wp-content\/uploads\/sites\/19\/2025\/02\/257471a8430fa6474615d4e781ac8203-copy-800x0-c-default.webp 800w, https:\/\/www.agriguide.eu\/lithuania\/wp-content\/uploads\/sites\/19\/2025\/02\/257471a8430fa6474615d4e781ac8203-copy.webp 906w\">\n    <source type=\"image\/jpeg\" sizes=\"100vw\" srcset=\"https:\/\/www.agriguide.eu\/lithuania\/wp-content\/uploads\/sites\/19\/2025\/02\/257471a8430fa6474615d4e781ac8203-copy-100x0-c-default.jpg 100w, https:\/\/www.agriguide.eu\/lithuania\/wp-content\/uploads\/sites\/19\/2025\/02\/257471a8430fa6474615d4e781ac8203-copy-200x0-c-default.jpg 200w, https:\/\/www.agriguide.eu\/lithuania\/wp-content\/uploads\/sites\/19\/2025\/02\/257471a8430fa6474615d4e781ac8203-copy-400x0-c-default.jpg 400w, https:\/\/www.agriguide.eu\/lithuania\/wp-content\/uploads\/sites\/19\/2025\/02\/257471a8430fa6474615d4e781ac8203-copy-600x0-c-default.jpg 600w, https:\/\/www.agriguide.eu\/lithuania\/wp-content\/uploads\/sites\/19\/2025\/02\/257471a8430fa6474615d4e781ac8203-copy-800x0-c-default.jpg 800w, https:\/\/www.agriguide.eu\/lithuania\/wp-content\/uploads\/sites\/19\/2025\/02\/257471a8430fa6474615d4e781ac8203-copy.jpg 906w\">\n    <img class=\"\" width=\"906\" height=\"1920\" alt=\"257471a8430fa6474615d4e781ac8203-copy\" src=\"https:\/\/www.agriguide.eu\/lithuania\/wp-content\/uploads\/sites\/19\/2025\/02\/257471a8430fa6474615d4e781ac8203-copy.jpg\" loading=\"lazy\">\n  <\/picture>\n\n<\/figure>\n<\/div>\n<\/div>\n\n\n\n<div style=\"height:64px\" aria-hidden=\"true\" class=\"wp-block-spacer\"><\/div>\n","protected":false},"excerpt":{"rendered":"<p>Kontaktai ir pagalba Nedvejodami susisiekite su mumis nurodytu el. pa\u0161tu. Mes vertiname j\u016bs\u0173 nuomon\u0119. contact@agriguide.eu Pra\u0161ymas panaikinti paskyr\u0105 \u201eAgriGuide\u201c program\u0117l\u0117je Nor\u0117dami i\u0161trinti \u201eAgriGuide\u201c paskyr\u0105, si\u0173skite el. lai\u0161k\u0105 adresu contact@agriguide.eu nurodydami: Registruoto vartotojo paskyros i\u0161trynimo reikalavimai Svarbu:Pra\u0161ome pra\u0161ym\u0105 pa\u0161alinti paskyr\u0105 si\u0173sti i\u0161 el. pa\u0161to, susieto su J\u016bs\u0173 \u201eAgriGuide\u201c program\u0117l\u0117s paskyra \u2013 tai palengvina patvirtinimo proces\u0105 ir [&hellip;]<\/p>\n","protected":false},"author":3,"featured_media":0,"parent":0,"menu_order":0,"comment_status":"closed","ping_status":"closed","template":"","meta":{"_acf_changed":false,"inline_featured_image":false,"footnotes":""},"class_list":["post-340","page","type-page","status-publish","hentry"],"acf":[],"yoast_head":"<!-- This site is optimized with the Yoast SEO plugin v27.4 - https:\/\/yoast.com\/product\/yoast-seo-wordpress\/ -->\n<title>Contact &amp; Support - AgriGuide Lithuania<\/title>\n<meta name=\"robots\" content=\"index, follow, max-snippet:-1, max-image-preview:large, max-video-preview:-1\" \/>\n<link rel=\"canonical\" href=\"https:\/\/www.agriguide.eu\/lithuania\/lt\/contact-support\/\" \/>\n<meta property=\"og:locale\" content=\"lt_LT\" \/>\n<meta property=\"og:type\" content=\"article\" \/>\n<meta property=\"og:title\" content=\"Contact &amp; Support - AgriGuide Lithuania\" \/>\n<meta property=\"og:description\" content=\"Kontaktai ir pagalba Nedvejodami susisiekite su mumis nurodytu el. pa\u0161tu. Mes vertiname j\u016bs\u0173 nuomon\u0119. contact@agriguide.eu Pra\u0161ymas panaikinti paskyr\u0105 \u201eAgriGuide\u201c program\u0117l\u0117je Nor\u0117dami i\u0161trinti \u201eAgriGuide\u201c paskyr\u0105, si\u0173skite el. lai\u0161k\u0105 adresu contact@agriguide.eu nurodydami: Registruoto vartotojo paskyros i\u0161trynimo reikalavimai Svarbu:Pra\u0161ome pra\u0161ym\u0105 pa\u0161alinti paskyr\u0105 si\u0173sti i\u0161 el. pa\u0161to, susieto su J\u016bs\u0173 \u201eAgriGuide\u201c program\u0117l\u0117s paskyra \u2013 tai palengvina patvirtinimo proces\u0105 ir [&hellip;]\" \/>\n<meta property=\"og:url\" content=\"https:\/\/www.agriguide.eu\/lithuania\/lt\/contact-support\/\" \/>\n<meta property=\"og:site_name\" content=\"AgriGuide Lithuania\" \/>\n<meta property=\"article:modified_time\" content=\"2026-02-20T19:14:37+00:00\" \/>\n<meta property=\"og:image\" content=\"https:\/\/www.agriguide.eu\/lithuania\/wp-content\/uploads\/sites\/19\/2025\/02\/257471a8430fa6474615d4e781ac8203-copy-483x1024.jpg\" \/>\n<meta name=\"twitter:card\" content=\"summary_large_image\" \/>\n<meta name=\"twitter:label1\" content=\"Est. reading time\" \/>\n\t<meta name=\"twitter:data1\" content=\"1 minut\u0117\" \/>\n<script type=\"application\/ld+json\" class=\"yoast-schema-graph\">{\"@context\":\"https:\\\/\\\/schema.org\",\"@graph\":[{\"@type\":\"WebPage\",\"@id\":\"https:\\\/\\\/www.agriguide.eu\\\/lithuania\\\/lt\\\/contact-support\\\/\",\"url\":\"https:\\\/\\\/www.agriguide.eu\\\/lithuania\\\/lt\\\/contact-support\\\/\",\"name\":\"Contact &amp; Support - AgriGuide Lithuania\",\"isPartOf\":{\"@id\":\"https:\\\/\\\/www.agriguide.eu\\\/lithuania\\\/lt\\\/#website\"},\"primaryImageOfPage\":{\"@id\":\"https:\\\/\\\/www.agriguide.eu\\\/lithuania\\\/lt\\\/contact-support\\\/#primaryimage\"},\"image\":{\"@id\":\"https:\\\/\\\/www.agriguide.eu\\\/lithuania\\\/lt\\\/contact-support\\\/#primaryimage\"},\"thumbnailUrl\":\"https:\\\/\\\/www.agriguide.eu\\\/lithuania\\\/wp-content\\\/uploads\\\/sites\\\/19\\\/2025\\\/02\\\/257471a8430fa6474615d4e781ac8203-copy-483x1024.jpg\",\"datePublished\":\"2024-04-18T12:48:15+00:00\",\"dateModified\":\"2026-02-20T19:14:37+00:00\",\"breadcrumb\":{\"@id\":\"https:\\\/\\\/www.agriguide.eu\\\/lithuania\\\/lt\\\/contact-support\\\/#breadcrumb\"},\"inLanguage\":\"lt-LT\",\"potentialAction\":[{\"@type\":\"ReadAction\",\"target\":[\"https:\\\/\\\/www.agriguide.eu\\\/lithuania\\\/lt\\\/contact-support\\\/\"]}]},{\"@type\":\"ImageObject\",\"inLanguage\":\"lt-LT\",\"@id\":\"https:\\\/\\\/www.agriguide.eu\\\/lithuania\\\/lt\\\/contact-support\\\/#primaryimage\",\"url\":\"https:\\\/\\\/www.agriguide.eu\\\/lithuania\\\/wp-content\\\/uploads\\\/sites\\\/19\\\/2025\\\/02\\\/257471a8430fa6474615d4e781ac8203-copy-483x1024.jpg\",\"contentUrl\":\"https:\\\/\\\/www.agriguide.eu\\\/lithuania\\\/wp-content\\\/uploads\\\/sites\\\/19\\\/2025\\\/02\\\/257471a8430fa6474615d4e781ac8203-copy-483x1024.jpg\"},{\"@type\":\"BreadcrumbList\",\"@id\":\"https:\\\/\\\/www.agriguide.eu\\\/lithuania\\\/lt\\\/contact-support\\\/#breadcrumb\",\"itemListElement\":[{\"@type\":\"ListItem\",\"position\":1,\"name\":\"Home\",\"item\":\"https:\\\/\\\/www.agriguide.eu\\\/lithuania\\\/lt\\\/\"},{\"@type\":\"ListItem\",\"position\":2,\"name\":\"Contact &amp; Support\"}]},{\"@type\":\"WebSite\",\"@id\":\"https:\\\/\\\/www.agriguide.eu\\\/lithuania\\\/lt\\\/#website\",\"url\":\"https:\\\/\\\/www.agriguide.eu\\\/lithuania\\\/lt\\\/\",\"name\":\"AgriGuide Lithuania\",\"description\":\"\",\"potentialAction\":[{\"@type\":\"SearchAction\",\"target\":{\"@type\":\"EntryPoint\",\"urlTemplate\":\"https:\\\/\\\/www.agriguide.eu\\\/lithuania\\\/lt\\\/?s={search_term_string}\"},\"query-input\":{\"@type\":\"PropertyValueSpecification\",\"valueRequired\":true,\"valueName\":\"search_term_string\"}}],\"inLanguage\":\"lt-LT\"}]}<\/script>\n<!-- \/ Yoast SEO plugin. -->","yoast_head_json":{"title":"Contact &amp; Support - AgriGuide Lithuania","robots":{"index":"index","follow":"follow","max-snippet":"max-snippet:-1","max-image-preview":"max-image-preview:large","max-video-preview":"max-video-preview:-1"},"canonical":"https:\/\/www.agriguide.eu\/lithuania\/lt\/contact-support\/","og_locale":"lt_LT","og_type":"article","og_title":"Contact &amp; Support - AgriGuide Lithuania","og_description":"Kontaktai ir pagalba Nedvejodami susisiekite su mumis nurodytu el. pa\u0161tu. Mes vertiname j\u016bs\u0173 nuomon\u0119. contact@agriguide.eu Pra\u0161ymas panaikinti paskyr\u0105 \u201eAgriGuide\u201c program\u0117l\u0117je Nor\u0117dami i\u0161trinti \u201eAgriGuide\u201c paskyr\u0105, si\u0173skite el. lai\u0161k\u0105 adresu contact@agriguide.eu nurodydami: Registruoto vartotojo paskyros i\u0161trynimo reikalavimai Svarbu:Pra\u0161ome pra\u0161ym\u0105 pa\u0161alinti paskyr\u0105 si\u0173sti i\u0161 el. pa\u0161to, susieto su J\u016bs\u0173 \u201eAgriGuide\u201c program\u0117l\u0117s paskyra \u2013 tai palengvina patvirtinimo proces\u0105 ir [&hellip;]","og_url":"https:\/\/www.agriguide.eu\/lithuania\/lt\/contact-support\/","og_site_name":"AgriGuide Lithuania","article_modified_time":"2026-02-20T19:14:37+00:00","og_image":[{"url":"https:\/\/www.agriguide.eu\/lithuania\/wp-content\/uploads\/sites\/19\/2025\/02\/257471a8430fa6474615d4e781ac8203-copy-483x1024.jpg","type":"","width":"","height":""}],"twitter_card":"summary_large_image","twitter_misc":{"Est. reading time":"1 minut\u0117"},"schema":{"@context":"https:\/\/schema.org","@graph":[{"@type":"WebPage","@id":"https:\/\/www.agriguide.eu\/lithuania\/lt\/contact-support\/","url":"https:\/\/www.agriguide.eu\/lithuania\/lt\/contact-support\/","name":"Contact &amp; Support - AgriGuide Lithuania","isPartOf":{"@id":"https:\/\/www.agriguide.eu\/lithuania\/lt\/#website"},"primaryImageOfPage":{"@id":"https:\/\/www.agriguide.eu\/lithuania\/lt\/contact-support\/#primaryimage"},"image":{"@id":"https:\/\/www.agriguide.eu\/lithuania\/lt\/contact-support\/#primaryimage"},"thumbnailUrl":"https:\/\/www.agriguide.eu\/lithuania\/wp-content\/uploads\/sites\/19\/2025\/02\/257471a8430fa6474615d4e781ac8203-copy-483x1024.jpg","datePublished":"2024-04-18T12:48:15+00:00","dateModified":"2026-02-20T19:14:37+00:00","breadcrumb":{"@id":"https:\/\/www.agriguide.eu\/lithuania\/lt\/contact-support\/#breadcrumb"},"inLanguage":"lt-LT","potentialAction":[{"@type":"ReadAction","target":["https:\/\/www.agriguide.eu\/lithuania\/lt\/contact-support\/"]}]},{"@type":"ImageObject","inLanguage":"lt-LT","@id":"https:\/\/www.agriguide.eu\/lithuania\/lt\/contact-support\/#primaryimage","url":"https:\/\/www.agriguide.eu\/lithuania\/wp-content\/uploads\/sites\/19\/2025\/02\/257471a8430fa6474615d4e781ac8203-copy-483x1024.jpg","contentUrl":"https:\/\/www.agriguide.eu\/lithuania\/wp-content\/uploads\/sites\/19\/2025\/02\/257471a8430fa6474615d4e781ac8203-copy-483x1024.jpg"},{"@type":"BreadcrumbList","@id":"https:\/\/www.agriguide.eu\/lithuania\/lt\/contact-support\/#breadcrumb","itemListElement":[{"@type":"ListItem","position":1,"name":"Home","item":"https:\/\/www.agriguide.eu\/lithuania\/lt\/"},{"@type":"ListItem","position":2,"name":"Contact &amp; Support"}]},{"@type":"WebSite","@id":"https:\/\/www.agriguide.eu\/lithuania\/lt\/#website","url":"https:\/\/www.agriguide.eu\/lithuania\/lt\/","name":"AgriGuide Lithuania","description":"","potentialAction":[{"@type":"SearchAction","target":{"@type":"EntryPoint","urlTemplate":"https:\/\/www.agriguide.eu\/lithuania\/lt\/?s={search_term_string}"},"query-input":{"@type":"PropertyValueSpecification","valueRequired":true,"valueName":"search_term_string"}}],"inLanguage":"lt-LT"}]}},"_links":{"self":[{"href":"https:\/\/www.agriguide.eu\/lithuania\/lt\/wp-json\/wp\/v2\/pages\/340","targetHints":{"allow":["GET"]}}],"collection":[{"href":"https:\/\/www.agriguide.eu\/lithuania\/lt\/wp-json\/wp\/v2\/pages"}],"about":[{"href":"https:\/\/www.agriguide.eu\/lithuania\/lt\/wp-json\/wp\/v2\/types\/page"}],"author":[{"embeddable":true,"href":"https:\/\/www.agriguide.eu\/lithuania\/lt\/wp-json\/wp\/v2\/users\/3"}],"replies":[{"embeddable":true,"href":"https:\/\/www.agriguide.eu\/lithuania\/lt\/wp-json\/wp\/v2\/comments?post=340"}],"version-history":[{"count":0,"href":"https:\/\/www.agriguide.eu\/lithuania\/lt\/wp-json\/wp\/v2\/pages\/340\/revisions"}],"wp:attachment":[{"href":"https:\/\/www.agriguide.eu\/lithuania\/lt\/wp-json\/wp\/v2\/media?parent=340"}],"curies":[{"name":"wp","href":"https:\/\/api.w.org\/{rel}","templated":true}]}}