{"id":131,"date":"2024-04-18T10:48:15","date_gmt":"2024-04-18T10:48:15","guid":{"rendered":"https:\/\/staging.agriguide.eu\/germany\/unterstuetzung\/"},"modified":"2025-02-20T14:12:13","modified_gmt":"2025-02-20T14:12:13","slug":"unterstuetzung","status":"publish","type":"page","link":"https:\/\/www.agriguide.eu\/germany\/de\/unterstuetzung\/","title":{"rendered":"Kontakt &amp; Unterst\u00fctzung"},"content":{"rendered":"\n<h1 class=\"wp-block-heading has-text-align-center\">Kontakt &amp; Unterst\u00fctzung<\/h1>\n\n\n\n<p class=\"has-text-align-center\">Sie k\u00f6nnen sich gerne \u00fcber die unten stehende E-Mail melden. Wir sch\u00e4tzen Ihren Beitrag und freuen uns auf den Kontakt mit Ihnen. <\/p>\n\n\n\n<p class=\"has-text-align-center has-medium-font-size\"><a href=\"mailto:contact@agriguide.eu\">contact@agriguide.eu<\/a><\/p>\n\n\n\n<p><\/p>\n\n\n\n<div style=\"height:100px\" aria-hidden=\"true\" class=\"wp-block-spacer\"><\/div>\n\n\n\n<h2 class=\"wp-block-heading has-text-align-left\">Antrag auf L\u00f6schung eines Kontos in der AgriGuide App<\/h2>\n\n\n\n<p><\/p>\n\n\n\n<p><br><\/p>\n\n\n\n<div class=\"wp-block-columns is-layout-flex wp-container-core-columns-is-layout-9d6595d7 wp-block-columns-is-layout-flex\">\n<div class=\"wp-block-column is-layout-flow wp-block-column-is-layout-flow\" style=\"flex-basis:70%\">\n<div class=\"wp-block-group\"><div class=\"wp-block-group__inner-container is-layout-constrained wp-block-group-is-layout-constrained\">\n<p class=\"has-text-align-left\">Um die L\u00f6schung Ihres AgriGuide-App-Kontos zu beantragen, senden Sie bitte eine E-Mail an <a href=\"mailto:contact@agriguide.eu\"><mark style=\"background-color:rgba(0, 0, 0, 0)\" class=\"has-inline-color has-vivid-green-cyan-color\">contact@agriguide.eu<\/mark><\/a> mit den folgenden Informationen:<\/p>\n\n\n\n<p class=\"has-text-align-left has-medium-font-size\"><strong>Anforderungen f\u00fcr die L\u00f6schung von registrierten Benutzerkonten<\/strong><\/p>\n\n\n\n<ul class=\"wp-block-list\">\n<li><strong>Pers\u00f6nliche Angaben<\/strong>: Geben Sie Ihren vollst\u00e4ndigen Namen und die E-Mail-Adresse an, die mit Ihrem AgriGuide-App-Konto verkn\u00fcpft ist.<\/li>\n\n\n\n<li><strong>Konto\u00fcberpr\u00fcfung<\/strong>: Geben Sie alle relevanten Informationen an, um die Kontoinhaberschaft zu verifizieren, z. B. das Datum Ihrer Registrierung oder das\/die Ger\u00e4t(e), das\/die Sie f\u00fcr den Zugriff auf die App verwendet haben.<\/li>\n\n\n\n<li><strong>Grund f\u00fcr die L\u00f6schung<\/strong>: Geben Sie klar und deutlich an, warum Sie Ihr AgriGuide-App-Konto l\u00f6schen m\u00f6chten (optional).<\/li>\n\n\n\n<li><strong>Erkl\u00e4rung zur Best\u00e4tigung<\/strong>: Best\u00e4tigen Sie, dass Sie sich der Konsequenzen bewusst sind, die das L\u00f6schen Ihres Kontos mit sich bringt, wie z.B. der Verlust des Zugriffs auf mit Lesezeichen versehene Produkte und der M\u00f6glichkeit, Produktinformationen auf verschiedenen Ger\u00e4ten zu synchronisieren. Bitte beachten Sie, dass bei der L\u00f6schung Ihres Kontos alle damit verbundenen Daten dauerhaft aus unseren Systemen entfernt werden.<\/li>\n<\/ul>\n\n\n\n<p class=\"has-text-align-left\"><br><br><strong>Wichtig<\/strong>:  <br><br>Bitte vergewissern Sie sich, dass Sie die E-Mail mit der Bitte um L\u00f6schung von der mit Ihrem AgriGuide-App-Konto verkn\u00fcpften E-Mail-Adresse aus senden &#8211; dies vereinfacht den Verifizierungsprozess und gew\u00e4hrleistet die Sicherheit Ihrer Daten.<\/p>\n<\/div><\/div>\n<\/div>\n\n\n\n<div class=\"wp-block-column is-layout-flow wp-block-column-is-layout-flow\" style=\"flex-basis:30%\">\n<figure class=\"wp-block-image size-large\">\n\n                                                    \n    \n  <picture>\n    <source type=\"image\/webp\" sizes=\"100vw\" srcset=\"https:\/\/www.agriguide.eu\/germany\/wp-content\/uploads\/sites\/13\/2025\/02\/257471a8430fa6474615d4e781ac8203-copy-100x0-c-default.webp 100w, https:\/\/www.agriguide.eu\/germany\/wp-content\/uploads\/sites\/13\/2025\/02\/257471a8430fa6474615d4e781ac8203-copy-200x0-c-default.webp 200w, https:\/\/www.agriguide.eu\/germany\/wp-content\/uploads\/sites\/13\/2025\/02\/257471a8430fa6474615d4e781ac8203-copy-400x0-c-default.webp 400w, https:\/\/www.agriguide.eu\/germany\/wp-content\/uploads\/sites\/13\/2025\/02\/257471a8430fa6474615d4e781ac8203-copy-600x0-c-default.webp 600w, https:\/\/www.agriguide.eu\/germany\/wp-content\/uploads\/sites\/13\/2025\/02\/257471a8430fa6474615d4e781ac8203-copy-800x0-c-default.webp 800w, https:\/\/www.agriguide.eu\/germany\/wp-content\/uploads\/sites\/13\/2025\/02\/257471a8430fa6474615d4e781ac8203-copy.webp 906w\">\n    <source type=\"image\/jpeg\" sizes=\"100vw\" srcset=\"https:\/\/www.agriguide.eu\/germany\/wp-content\/uploads\/sites\/13\/2025\/02\/257471a8430fa6474615d4e781ac8203-copy-100x0-c-default.jpg 100w, https:\/\/www.agriguide.eu\/germany\/wp-content\/uploads\/sites\/13\/2025\/02\/257471a8430fa6474615d4e781ac8203-copy-200x0-c-default.jpg 200w, https:\/\/www.agriguide.eu\/germany\/wp-content\/uploads\/sites\/13\/2025\/02\/257471a8430fa6474615d4e781ac8203-copy-400x0-c-default.jpg 400w, https:\/\/www.agriguide.eu\/germany\/wp-content\/uploads\/sites\/13\/2025\/02\/257471a8430fa6474615d4e781ac8203-copy-600x0-c-default.jpg 600w, https:\/\/www.agriguide.eu\/germany\/wp-content\/uploads\/sites\/13\/2025\/02\/257471a8430fa6474615d4e781ac8203-copy-800x0-c-default.jpg 800w, https:\/\/www.agriguide.eu\/germany\/wp-content\/uploads\/sites\/13\/2025\/02\/257471a8430fa6474615d4e781ac8203-copy.jpg 906w\">\n    <img class=\"\" width=\"906\" height=\"1920\" alt=\"257471a8430fa6474615d4e781ac8203-copy\" src=\"https:\/\/www.agriguide.eu\/germany\/wp-content\/uploads\/sites\/13\/2025\/02\/257471a8430fa6474615d4e781ac8203-copy.jpg\" loading=\"lazy\">\n  <\/picture>\n\n<\/figure>\n<\/div>\n<\/div>\n\n\n\n<div style=\"height:64px\" aria-hidden=\"true\" class=\"wp-block-spacer\"><\/div>\n","protected":false},"excerpt":{"rendered":"<p>Kontakt &amp; Unterst\u00fctzung Sie k\u00f6nnen sich gerne \u00fcber die unten stehende E-Mail melden. Wir sch\u00e4tzen Ihren Beitrag und freuen uns auf den Kontakt mit Ihnen. contact@agriguide.eu Antrag auf L\u00f6schung eines Kontos in der AgriGuide App Um die L\u00f6schung Ihres AgriGuide-App-Kontos zu beantragen, senden Sie bitte eine E-Mail an contact@agriguide.eu mit den folgenden Informationen: Anforderungen f\u00fcr [&hellip;]<\/p>\n","protected":false},"author":3,"featured_media":0,"parent":0,"menu_order":0,"comment_status":"closed","ping_status":"open","template":"","meta":{"_acf_changed":false,"inline_featured_image":false,"footnotes":""},"class_list":["post-131","page","type-page","status-publish","hentry"],"acf":[],"yoast_head":"<!-- This site is optimized with the Yoast SEO plugin v27.3 - https:\/\/yoast.com\/product\/yoast-seo-wordpress\/ -->\n<title>Kontakt &amp; Unterst\u00fctzung - AgriGuide Germany<\/title>\n<meta name=\"robots\" content=\"index, follow, max-snippet:-1, max-image-preview:large, max-video-preview:-1\" \/>\n<link rel=\"canonical\" href=\"https:\/\/www.agriguide.eu\/germany\/de\/unterstuetzung\/\" \/>\n<meta property=\"og:locale\" content=\"de_DE\" \/>\n<meta property=\"og:type\" content=\"article\" \/>\n<meta property=\"og:title\" content=\"Kontakt &amp; Unterst\u00fctzung - AgriGuide Germany\" \/>\n<meta property=\"og:description\" content=\"Kontakt &amp; Unterst\u00fctzung Sie k\u00f6nnen sich gerne \u00fcber die unten stehende E-Mail melden. Wir sch\u00e4tzen Ihren Beitrag und freuen uns auf den Kontakt mit Ihnen. contact@agriguide.eu Antrag auf L\u00f6schung eines Kontos in der AgriGuide App Um die L\u00f6schung Ihres AgriGuide-App-Kontos zu beantragen, senden Sie bitte eine E-Mail an contact@agriguide.eu mit den folgenden Informationen: Anforderungen f\u00fcr [&hellip;]\" \/>\n<meta property=\"og:url\" content=\"https:\/\/www.agriguide.eu\/germany\/de\/unterstuetzung\/\" \/>\n<meta property=\"og:site_name\" content=\"AgriGuide Germany\" \/>\n<meta property=\"article:modified_time\" content=\"2025-02-20T14:12:13+00:00\" \/>\n<meta property=\"og:image\" content=\"https:\/\/www.agriguide.eu\/germany\/wp-content\/uploads\/sites\/13\/2025\/02\/257471a8430fa6474615d4e781ac8203-copy-483x1024.jpg\" \/>\n<meta name=\"twitter:card\" content=\"summary_large_image\" \/>\n<meta name=\"twitter:label1\" content=\"Gesch\u00e4tzte Lesezeit\" \/>\n\t<meta name=\"twitter:data1\" content=\"2\u00a0Minuten\" \/>\n<script type=\"application\/ld+json\" class=\"yoast-schema-graph\">{\"@context\":\"https:\\\/\\\/schema.org\",\"@graph\":[{\"@type\":\"WebPage\",\"@id\":\"https:\\\/\\\/www.agriguide.eu\\\/germany\\\/de\\\/unterstuetzung\\\/\",\"url\":\"https:\\\/\\\/www.agriguide.eu\\\/germany\\\/de\\\/unterstuetzung\\\/\",\"name\":\"Kontakt &amp; Unterst\u00fctzung - AgriGuide Germany\",\"isPartOf\":{\"@id\":\"https:\\\/\\\/www.agriguide.eu\\\/germany\\\/de\\\/#website\"},\"primaryImageOfPage\":{\"@id\":\"https:\\\/\\\/www.agriguide.eu\\\/germany\\\/de\\\/unterstuetzung\\\/#primaryimage\"},\"image\":{\"@id\":\"https:\\\/\\\/www.agriguide.eu\\\/germany\\\/de\\\/unterstuetzung\\\/#primaryimage\"},\"thumbnailUrl\":\"https:\\\/\\\/www.agriguide.eu\\\/germany\\\/wp-content\\\/uploads\\\/sites\\\/13\\\/2025\\\/02\\\/257471a8430fa6474615d4e781ac8203-copy-483x1024.jpg\",\"datePublished\":\"2024-04-18T10:48:15+00:00\",\"dateModified\":\"2025-02-20T14:12:13+00:00\",\"breadcrumb\":{\"@id\":\"https:\\\/\\\/www.agriguide.eu\\\/germany\\\/de\\\/unterstuetzung\\\/#breadcrumb\"},\"inLanguage\":\"de\",\"potentialAction\":[{\"@type\":\"ReadAction\",\"target\":[\"https:\\\/\\\/www.agriguide.eu\\\/germany\\\/de\\\/unterstuetzung\\\/\"]}]},{\"@type\":\"ImageObject\",\"inLanguage\":\"de\",\"@id\":\"https:\\\/\\\/www.agriguide.eu\\\/germany\\\/de\\\/unterstuetzung\\\/#primaryimage\",\"url\":\"https:\\\/\\\/www.agriguide.eu\\\/germany\\\/wp-content\\\/uploads\\\/sites\\\/13\\\/2025\\\/02\\\/257471a8430fa6474615d4e781ac8203-copy-483x1024.jpg\",\"contentUrl\":\"https:\\\/\\\/www.agriguide.eu\\\/germany\\\/wp-content\\\/uploads\\\/sites\\\/13\\\/2025\\\/02\\\/257471a8430fa6474615d4e781ac8203-copy-483x1024.jpg\"},{\"@type\":\"BreadcrumbList\",\"@id\":\"https:\\\/\\\/www.agriguide.eu\\\/germany\\\/de\\\/unterstuetzung\\\/#breadcrumb\",\"itemListElement\":[{\"@type\":\"ListItem\",\"position\":1,\"name\":\"Home\",\"item\":\"https:\\\/\\\/www.agriguide.eu\\\/germany\\\/de\\\/\"},{\"@type\":\"ListItem\",\"position\":2,\"name\":\"Kontakt &amp; Unterst\u00fctzung\"}]},{\"@type\":\"WebSite\",\"@id\":\"https:\\\/\\\/www.agriguide.eu\\\/germany\\\/de\\\/#website\",\"url\":\"https:\\\/\\\/www.agriguide.eu\\\/germany\\\/de\\\/\",\"name\":\"AgriGuide Germany\",\"description\":\"\",\"potentialAction\":[{\"@type\":\"SearchAction\",\"target\":{\"@type\":\"EntryPoint\",\"urlTemplate\":\"https:\\\/\\\/www.agriguide.eu\\\/germany\\\/de\\\/?s={search_term_string}\"},\"query-input\":{\"@type\":\"PropertyValueSpecification\",\"valueRequired\":true,\"valueName\":\"search_term_string\"}}],\"inLanguage\":\"de\"}]}<\/script>\n<!-- \/ Yoast SEO plugin. -->","yoast_head_json":{"title":"Kontakt &amp; Unterst\u00fctzung - AgriGuide Germany","robots":{"index":"index","follow":"follow","max-snippet":"max-snippet:-1","max-image-preview":"max-image-preview:large","max-video-preview":"max-video-preview:-1"},"canonical":"https:\/\/www.agriguide.eu\/germany\/de\/unterstuetzung\/","og_locale":"de_DE","og_type":"article","og_title":"Kontakt &amp; Unterst\u00fctzung - AgriGuide Germany","og_description":"Kontakt &amp; Unterst\u00fctzung Sie k\u00f6nnen sich gerne \u00fcber die unten stehende E-Mail melden. Wir sch\u00e4tzen Ihren Beitrag und freuen uns auf den Kontakt mit Ihnen. contact@agriguide.eu Antrag auf L\u00f6schung eines Kontos in der AgriGuide App Um die L\u00f6schung Ihres AgriGuide-App-Kontos zu beantragen, senden Sie bitte eine E-Mail an contact@agriguide.eu mit den folgenden Informationen: Anforderungen f\u00fcr [&hellip;]","og_url":"https:\/\/www.agriguide.eu\/germany\/de\/unterstuetzung\/","og_site_name":"AgriGuide Germany","article_modified_time":"2025-02-20T14:12:13+00:00","og_image":[{"url":"https:\/\/www.agriguide.eu\/germany\/wp-content\/uploads\/sites\/13\/2025\/02\/257471a8430fa6474615d4e781ac8203-copy-483x1024.jpg","type":"","width":"","height":""}],"twitter_card":"summary_large_image","twitter_misc":{"Gesch\u00e4tzte Lesezeit":"2\u00a0Minuten"},"schema":{"@context":"https:\/\/schema.org","@graph":[{"@type":"WebPage","@id":"https:\/\/www.agriguide.eu\/germany\/de\/unterstuetzung\/","url":"https:\/\/www.agriguide.eu\/germany\/de\/unterstuetzung\/","name":"Kontakt &amp; Unterst\u00fctzung - AgriGuide Germany","isPartOf":{"@id":"https:\/\/www.agriguide.eu\/germany\/de\/#website"},"primaryImageOfPage":{"@id":"https:\/\/www.agriguide.eu\/germany\/de\/unterstuetzung\/#primaryimage"},"image":{"@id":"https:\/\/www.agriguide.eu\/germany\/de\/unterstuetzung\/#primaryimage"},"thumbnailUrl":"https:\/\/www.agriguide.eu\/germany\/wp-content\/uploads\/sites\/13\/2025\/02\/257471a8430fa6474615d4e781ac8203-copy-483x1024.jpg","datePublished":"2024-04-18T10:48:15+00:00","dateModified":"2025-02-20T14:12:13+00:00","breadcrumb":{"@id":"https:\/\/www.agriguide.eu\/germany\/de\/unterstuetzung\/#breadcrumb"},"inLanguage":"de","potentialAction":[{"@type":"ReadAction","target":["https:\/\/www.agriguide.eu\/germany\/de\/unterstuetzung\/"]}]},{"@type":"ImageObject","inLanguage":"de","@id":"https:\/\/www.agriguide.eu\/germany\/de\/unterstuetzung\/#primaryimage","url":"https:\/\/www.agriguide.eu\/germany\/wp-content\/uploads\/sites\/13\/2025\/02\/257471a8430fa6474615d4e781ac8203-copy-483x1024.jpg","contentUrl":"https:\/\/www.agriguide.eu\/germany\/wp-content\/uploads\/sites\/13\/2025\/02\/257471a8430fa6474615d4e781ac8203-copy-483x1024.jpg"},{"@type":"BreadcrumbList","@id":"https:\/\/www.agriguide.eu\/germany\/de\/unterstuetzung\/#breadcrumb","itemListElement":[{"@type":"ListItem","position":1,"name":"Home","item":"https:\/\/www.agriguide.eu\/germany\/de\/"},{"@type":"ListItem","position":2,"name":"Kontakt &amp; Unterst\u00fctzung"}]},{"@type":"WebSite","@id":"https:\/\/www.agriguide.eu\/germany\/de\/#website","url":"https:\/\/www.agriguide.eu\/germany\/de\/","name":"AgriGuide Germany","description":"","potentialAction":[{"@type":"SearchAction","target":{"@type":"EntryPoint","urlTemplate":"https:\/\/www.agriguide.eu\/germany\/de\/?s={search_term_string}"},"query-input":{"@type":"PropertyValueSpecification","valueRequired":true,"valueName":"search_term_string"}}],"inLanguage":"de"}]}},"_links":{"self":[{"href":"https:\/\/www.agriguide.eu\/germany\/de\/wp-json\/wp\/v2\/pages\/131","targetHints":{"allow":["GET"]}}],"collection":[{"href":"https:\/\/www.agriguide.eu\/germany\/de\/wp-json\/wp\/v2\/pages"}],"about":[{"href":"https:\/\/www.agriguide.eu\/germany\/de\/wp-json\/wp\/v2\/types\/page"}],"author":[{"embeddable":true,"href":"https:\/\/www.agriguide.eu\/germany\/de\/wp-json\/wp\/v2\/users\/3"}],"replies":[{"embeddable":true,"href":"https:\/\/www.agriguide.eu\/germany\/de\/wp-json\/wp\/v2\/comments?post=131"}],"version-history":[{"count":0,"href":"https:\/\/www.agriguide.eu\/germany\/de\/wp-json\/wp\/v2\/pages\/131\/revisions"}],"wp:attachment":[{"href":"https:\/\/www.agriguide.eu\/germany\/de\/wp-json\/wp\/v2\/media?parent=131"}],"curies":[{"name":"wp","href":"https:\/\/api.w.org\/{rel}","templated":true}]}}