{"id":120,"date":"2025-07-02T09:47:40","date_gmt":"2025-07-02T09:47:40","guid":{"rendered":"https:\/\/staging.agriguide.eu\/france\/fr\/?page_id=120"},"modified":"2025-07-02T09:47:41","modified_gmt":"2025-07-02T09:47:41","slug":"conditions-generales-dutilisation","status":"publish","type":"page","link":"https:\/\/www.agriguide.eu\/france\/fr\/conditions-generales-dutilisation\/","title":{"rendered":"Conditions g\u00e9n\u00e9rales d\u2019utilisation"},"content":{"rendered":"\n<div class=\"wp-block-group\"><div class=\"wp-block-group__inner-container is-layout-constrained wp-block-group-is-layout-constrained\">\n<h1 class=\"wp-block-heading has-text-align-center\">Conditions g\u00e9n\u00e9rales d\u2019utilisation<\/h1>\n\n\n\n<div data-wp-interactive=\"core\/file\" class=\"wp-block-file aligncenter\"><object data-wp-bind--hidden=\"!state.hasPdfPreview\" hidden class=\"wp-block-file__embed\" data=\"https:\/\/www.agriguide.eu\/france\/wp-content\/uploads\/sites\/12\/2025\/07\/AgriGuide-label-platform-and-web-app-terms-and-conditions_FR.pdf\" type=\"application\/pdf\" style=\"width:100%;height:600px\" aria-label=\"Contenu embarqu\u00e9 Conditions g\u00e9n\u00e9rales d\u2019utilisation d\u2019AgriGuide .\"><\/object><a id=\"wp-block-file--media-da10d927-ceac-4961-83d0-39a44d0f8848\" href=\"https:\/\/www.agriguide.eu\/france\/wp-content\/uploads\/sites\/12\/2025\/07\/AgriGuide-label-platform-and-web-app-terms-and-conditions_FR.pdf\">Conditions g\u00e9n\u00e9rales d\u2019utilisation d\u2019AgriGuide <\/a><a href=\"https:\/\/www.agriguide.eu\/france\/wp-content\/uploads\/sites\/12\/2025\/07\/AgriGuide-label-platform-and-web-app-terms-and-conditions_FR.pdf\" class=\"wp-block-file__button wp-element-button\" download aria-describedby=\"wp-block-file--media-da10d927-ceac-4961-83d0-39a44d0f8848\">T\u00e9l\u00e9charger<\/a><\/div>\n\n\n\n<p><\/p>\n<\/div><\/div>\n","protected":false},"excerpt":{"rendered":"<p>Conditions g\u00e9n\u00e9rales d\u2019utilisation<\/p>\n","protected":false},"author":5,"featured_media":0,"parent":0,"menu_order":0,"comment_status":"closed","ping_status":"closed","template":"","meta":{"_acf_changed":false,"inline_featured_image":false,"footnotes":""},"class_list":["post-120","page","type-page","status-publish","hentry"],"acf":[],"yoast_head":"<!-- This site is optimized with the Yoast SEO plugin v27.4 - https:\/\/yoast.com\/product\/yoast-seo-wordpress\/ -->\n<title>Conditions g\u00e9n\u00e9rales d\u2019utilisation - France<\/title>\n<meta name=\"robots\" content=\"index, follow, max-snippet:-1, max-image-preview:large, max-video-preview:-1\" \/>\n<link rel=\"canonical\" href=\"https:\/\/www.agriguide.eu\/france\/fr\/conditions-generales-dutilisation\/\" \/>\n<meta property=\"og:locale\" content=\"fr_FR\" \/>\n<meta property=\"og:type\" content=\"article\" \/>\n<meta property=\"og:title\" content=\"Conditions g\u00e9n\u00e9rales d\u2019utilisation - France\" \/>\n<meta property=\"og:description\" content=\"Conditions g\u00e9n\u00e9rales d\u2019utilisation\" \/>\n<meta property=\"og:url\" content=\"https:\/\/www.agriguide.eu\/france\/fr\/conditions-generales-dutilisation\/\" \/>\n<meta property=\"og:site_name\" content=\"France\" \/>\n<meta property=\"article:modified_time\" content=\"2025-07-02T09:47:41+00:00\" \/>\n<meta name=\"twitter:card\" content=\"summary_large_image\" \/>\n<meta name=\"twitter:label1\" content=\"Dur\u00e9e de lecture estim\u00e9e\" \/>\n\t<meta name=\"twitter:data1\" content=\"1 minute\" \/>\n<script type=\"application\/ld+json\" class=\"yoast-schema-graph\">{\"@context\":\"https:\\\/\\\/schema.org\",\"@graph\":[{\"@type\":\"WebPage\",\"@id\":\"https:\\\/\\\/www.agriguide.eu\\\/france\\\/fr\\\/conditions-generales-dutilisation\\\/\",\"url\":\"https:\\\/\\\/www.agriguide.eu\\\/france\\\/fr\\\/conditions-generales-dutilisation\\\/\",\"name\":\"Conditions g\u00e9n\u00e9rales d\u2019utilisation - France\",\"isPartOf\":{\"@id\":\"http:\\\/\\\/zn-consulting-agriguide-multi.local\\\/france\\\/fr\\\/#website\"},\"datePublished\":\"2025-07-02T09:47:40+00:00\",\"dateModified\":\"2025-07-02T09:47:41+00:00\",\"breadcrumb\":{\"@id\":\"https:\\\/\\\/www.agriguide.eu\\\/france\\\/fr\\\/conditions-generales-dutilisation\\\/#breadcrumb\"},\"inLanguage\":\"fr-FR\",\"potentialAction\":[{\"@type\":\"ReadAction\",\"target\":[\"https:\\\/\\\/www.agriguide.eu\\\/france\\\/fr\\\/conditions-generales-dutilisation\\\/\"]}]},{\"@type\":\"BreadcrumbList\",\"@id\":\"https:\\\/\\\/www.agriguide.eu\\\/france\\\/fr\\\/conditions-generales-dutilisation\\\/#breadcrumb\",\"itemListElement\":[{\"@type\":\"ListItem\",\"position\":1,\"name\":\"Home\",\"item\":\"https:\\\/\\\/www.agriguide.eu\\\/france\\\/fr\\\/\"},{\"@type\":\"ListItem\",\"position\":2,\"name\":\"Conditions g\u00e9n\u00e9rales d\u2019utilisation\"}]},{\"@type\":\"WebSite\",\"@id\":\"http:\\\/\\\/zn-consulting-agriguide-multi.local\\\/france\\\/fr\\\/#website\",\"url\":\"http:\\\/\\\/zn-consulting-agriguide-multi.local\\\/france\\\/fr\\\/\",\"name\":\"France\",\"description\":\"\",\"potentialAction\":[{\"@type\":\"SearchAction\",\"target\":{\"@type\":\"EntryPoint\",\"urlTemplate\":\"http:\\\/\\\/zn-consulting-agriguide-multi.local\\\/france\\\/fr\\\/?s={search_term_string}\"},\"query-input\":{\"@type\":\"PropertyValueSpecification\",\"valueRequired\":true,\"valueName\":\"search_term_string\"}}],\"inLanguage\":\"fr-FR\"}]}<\/script>\n<!-- \/ Yoast SEO plugin. -->","yoast_head_json":{"title":"Conditions g\u00e9n\u00e9rales d\u2019utilisation - France","robots":{"index":"index","follow":"follow","max-snippet":"max-snippet:-1","max-image-preview":"max-image-preview:large","max-video-preview":"max-video-preview:-1"},"canonical":"https:\/\/www.agriguide.eu\/france\/fr\/conditions-generales-dutilisation\/","og_locale":"fr_FR","og_type":"article","og_title":"Conditions g\u00e9n\u00e9rales d\u2019utilisation - France","og_description":"Conditions g\u00e9n\u00e9rales d\u2019utilisation","og_url":"https:\/\/www.agriguide.eu\/france\/fr\/conditions-generales-dutilisation\/","og_site_name":"France","article_modified_time":"2025-07-02T09:47:41+00:00","twitter_card":"summary_large_image","twitter_misc":{"Dur\u00e9e de lecture estim\u00e9e":"1 minute"},"schema":{"@context":"https:\/\/schema.org","@graph":[{"@type":"WebPage","@id":"https:\/\/www.agriguide.eu\/france\/fr\/conditions-generales-dutilisation\/","url":"https:\/\/www.agriguide.eu\/france\/fr\/conditions-generales-dutilisation\/","name":"Conditions g\u00e9n\u00e9rales d\u2019utilisation - France","isPartOf":{"@id":"http:\/\/zn-consulting-agriguide-multi.local\/france\/fr\/#website"},"datePublished":"2025-07-02T09:47:40+00:00","dateModified":"2025-07-02T09:47:41+00:00","breadcrumb":{"@id":"https:\/\/www.agriguide.eu\/france\/fr\/conditions-generales-dutilisation\/#breadcrumb"},"inLanguage":"fr-FR","potentialAction":[{"@type":"ReadAction","target":["https:\/\/www.agriguide.eu\/france\/fr\/conditions-generales-dutilisation\/"]}]},{"@type":"BreadcrumbList","@id":"https:\/\/www.agriguide.eu\/france\/fr\/conditions-generales-dutilisation\/#breadcrumb","itemListElement":[{"@type":"ListItem","position":1,"name":"Home","item":"https:\/\/www.agriguide.eu\/france\/fr\/"},{"@type":"ListItem","position":2,"name":"Conditions g\u00e9n\u00e9rales d\u2019utilisation"}]},{"@type":"WebSite","@id":"http:\/\/zn-consulting-agriguide-multi.local\/france\/fr\/#website","url":"http:\/\/zn-consulting-agriguide-multi.local\/france\/fr\/","name":"France","description":"","potentialAction":[{"@type":"SearchAction","target":{"@type":"EntryPoint","urlTemplate":"http:\/\/zn-consulting-agriguide-multi.local\/france\/fr\/?s={search_term_string}"},"query-input":{"@type":"PropertyValueSpecification","valueRequired":true,"valueName":"search_term_string"}}],"inLanguage":"fr-FR"}]}},"_links":{"self":[{"href":"https:\/\/www.agriguide.eu\/france\/fr\/wp-json\/wp\/v2\/pages\/120","targetHints":{"allow":["GET"]}}],"collection":[{"href":"https:\/\/www.agriguide.eu\/france\/fr\/wp-json\/wp\/v2\/pages"}],"about":[{"href":"https:\/\/www.agriguide.eu\/france\/fr\/wp-json\/wp\/v2\/types\/page"}],"author":[{"embeddable":true,"href":"https:\/\/www.agriguide.eu\/france\/fr\/wp-json\/wp\/v2\/users\/5"}],"replies":[{"embeddable":true,"href":"https:\/\/www.agriguide.eu\/france\/fr\/wp-json\/wp\/v2\/comments?post=120"}],"version-history":[{"count":0,"href":"https:\/\/www.agriguide.eu\/france\/fr\/wp-json\/wp\/v2\/pages\/120\/revisions"}],"wp:attachment":[{"href":"https:\/\/www.agriguide.eu\/france\/fr\/wp-json\/wp\/v2\/media?parent=120"}],"curies":[{"name":"wp","href":"https:\/\/api.w.org\/{rel}","templated":true}]}}