{"id":129,"date":"2025-07-02T08:55:33","date_gmt":"2025-07-02T08:55:33","guid":{"rendered":"https:\/\/staging.agriguide.eu\/finland\/fi\/?page_id=129"},"modified":"2025-07-02T08:55:39","modified_gmt":"2025-07-02T08:55:39","slug":"kayttoehdot","status":"publish","type":"page","link":"https:\/\/www.agriguide.eu\/finland\/fi\/kayttoehdot\/","title":{"rendered":"k\u00e4ytt\u00f6ehdot"},"content":{"rendered":"\n<div class=\"wp-block-group\"><div class=\"wp-block-group__inner-container is-layout-constrained wp-block-group-is-layout-constrained\">\n<h1 class=\"wp-block-heading has-text-align-center\">k\u00e4ytt\u00f6ehdot<\/h1>\n\n\n\n<div data-wp-interactive=\"core\/file\" class=\"wp-block-file aligncenter\"><object data-wp-bind--hidden=\"!state.hasPdfPreview\" hidden class=\"wp-block-file__embed\" data=\"https:\/\/www.agriguide.eu\/finland\/wp-content\/uploads\/sites\/11\/2025\/07\/AgriGuide-label-platform-and-web-app-terms-and-conditions_FI.pdf\" type=\"application\/pdf\" style=\"width:100%;height:600px\" aria-label=\"Tiedoston AgriGuiden k\u00e4ytt\u00f6ehdot upotus.\"><\/object><a id=\"wp-block-file--media-d95bd64f-e8d1-48ea-9695-636aa4a8035f\" href=\"https:\/\/www.agriguide.eu\/finland\/wp-content\/uploads\/sites\/11\/2025\/07\/AgriGuide-label-platform-and-web-app-terms-and-conditions_FI.pdf\">AgriGuiden k\u00e4ytt\u00f6ehdot<\/a><a href=\"https:\/\/www.agriguide.eu\/finland\/wp-content\/uploads\/sites\/11\/2025\/07\/AgriGuide-label-platform-and-web-app-terms-and-conditions_FI.pdf\" class=\"wp-block-file__button wp-element-button\" download aria-describedby=\"wp-block-file--media-d95bd64f-e8d1-48ea-9695-636aa4a8035f\">Lataa<\/a><\/div>\n\n\n\n<p><\/p>\n<\/div><\/div>\n","protected":false},"excerpt":{"rendered":"<p>k\u00e4ytt\u00f6ehdot<\/p>\n","protected":false},"author":5,"featured_media":0,"parent":0,"menu_order":0,"comment_status":"closed","ping_status":"closed","template":"","meta":{"_acf_changed":false,"inline_featured_image":false,"footnotes":""},"class_list":["post-129","page","type-page","status-publish","hentry"],"acf":[],"yoast_head":"<!-- This site is optimized with the Yoast SEO plugin v27.3 - https:\/\/yoast.com\/product\/yoast-seo-wordpress\/ -->\n<title>k\u00e4ytt\u00f6ehdot - Finland<\/title>\n<meta name=\"robots\" content=\"index, follow, max-snippet:-1, max-image-preview:large, max-video-preview:-1\" \/>\n<link rel=\"canonical\" href=\"https:\/\/www.agriguide.eu\/finland\/fi\/kayttoehdot\/\" \/>\n<meta property=\"og:locale\" content=\"fi_FI\" \/>\n<meta property=\"og:type\" content=\"article\" \/>\n<meta property=\"og:title\" content=\"k\u00e4ytt\u00f6ehdot - Finland\" \/>\n<meta property=\"og:description\" content=\"k\u00e4ytt\u00f6ehdot\" \/>\n<meta property=\"og:url\" content=\"https:\/\/www.agriguide.eu\/finland\/fi\/kayttoehdot\/\" \/>\n<meta property=\"og:site_name\" content=\"Finland\" \/>\n<meta property=\"article:modified_time\" content=\"2025-07-02T08:55:39+00:00\" \/>\n<meta name=\"twitter:card\" content=\"summary_large_image\" \/>\n<meta name=\"twitter:label1\" content=\"Arvioitu lukuaika\" \/>\n\t<meta name=\"twitter:data1\" content=\"1 minuutti\" \/>\n<script type=\"application\/ld+json\" class=\"yoast-schema-graph\">{\"@context\":\"https:\\\/\\\/schema.org\",\"@graph\":[{\"@type\":\"WebPage\",\"@id\":\"https:\\\/\\\/www.agriguide.eu\\\/finland\\\/fi\\\/kayttoehdot\\\/\",\"url\":\"https:\\\/\\\/www.agriguide.eu\\\/finland\\\/fi\\\/kayttoehdot\\\/\",\"name\":\"k\u00e4ytt\u00f6ehdot - Finland\",\"isPartOf\":{\"@id\":\"https:\\\/\\\/www.agriguide.eu\\\/finland\\\/fi\\\/#website\"},\"datePublished\":\"2025-07-02T08:55:33+00:00\",\"dateModified\":\"2025-07-02T08:55:39+00:00\",\"breadcrumb\":{\"@id\":\"https:\\\/\\\/www.agriguide.eu\\\/finland\\\/fi\\\/kayttoehdot\\\/#breadcrumb\"},\"inLanguage\":\"fi\",\"potentialAction\":[{\"@type\":\"ReadAction\",\"target\":[\"https:\\\/\\\/www.agriguide.eu\\\/finland\\\/fi\\\/kayttoehdot\\\/\"]}]},{\"@type\":\"BreadcrumbList\",\"@id\":\"https:\\\/\\\/www.agriguide.eu\\\/finland\\\/fi\\\/kayttoehdot\\\/#breadcrumb\",\"itemListElement\":[{\"@type\":\"ListItem\",\"position\":1,\"name\":\"Home\",\"item\":\"https:\\\/\\\/www.agriguide.eu\\\/finland\\\/fi\\\/\"},{\"@type\":\"ListItem\",\"position\":2,\"name\":\"k\u00e4ytt\u00f6ehdot\"}]},{\"@type\":\"WebSite\",\"@id\":\"https:\\\/\\\/www.agriguide.eu\\\/finland\\\/fi\\\/#website\",\"url\":\"https:\\\/\\\/www.agriguide.eu\\\/finland\\\/fi\\\/\",\"name\":\"Finland\",\"description\":\"\",\"potentialAction\":[{\"@type\":\"SearchAction\",\"target\":{\"@type\":\"EntryPoint\",\"urlTemplate\":\"https:\\\/\\\/www.agriguide.eu\\\/finland\\\/fi\\\/?s={search_term_string}\"},\"query-input\":{\"@type\":\"PropertyValueSpecification\",\"valueRequired\":true,\"valueName\":\"search_term_string\"}}],\"inLanguage\":\"fi\"}]}<\/script>\n<!-- \/ Yoast SEO plugin. -->","yoast_head_json":{"title":"k\u00e4ytt\u00f6ehdot - Finland","robots":{"index":"index","follow":"follow","max-snippet":"max-snippet:-1","max-image-preview":"max-image-preview:large","max-video-preview":"max-video-preview:-1"},"canonical":"https:\/\/www.agriguide.eu\/finland\/fi\/kayttoehdot\/","og_locale":"fi_FI","og_type":"article","og_title":"k\u00e4ytt\u00f6ehdot - Finland","og_description":"k\u00e4ytt\u00f6ehdot","og_url":"https:\/\/www.agriguide.eu\/finland\/fi\/kayttoehdot\/","og_site_name":"Finland","article_modified_time":"2025-07-02T08:55:39+00:00","twitter_card":"summary_large_image","twitter_misc":{"Arvioitu lukuaika":"1 minuutti"},"schema":{"@context":"https:\/\/schema.org","@graph":[{"@type":"WebPage","@id":"https:\/\/www.agriguide.eu\/finland\/fi\/kayttoehdot\/","url":"https:\/\/www.agriguide.eu\/finland\/fi\/kayttoehdot\/","name":"k\u00e4ytt\u00f6ehdot - Finland","isPartOf":{"@id":"https:\/\/www.agriguide.eu\/finland\/fi\/#website"},"datePublished":"2025-07-02T08:55:33+00:00","dateModified":"2025-07-02T08:55:39+00:00","breadcrumb":{"@id":"https:\/\/www.agriguide.eu\/finland\/fi\/kayttoehdot\/#breadcrumb"},"inLanguage":"fi","potentialAction":[{"@type":"ReadAction","target":["https:\/\/www.agriguide.eu\/finland\/fi\/kayttoehdot\/"]}]},{"@type":"BreadcrumbList","@id":"https:\/\/www.agriguide.eu\/finland\/fi\/kayttoehdot\/#breadcrumb","itemListElement":[{"@type":"ListItem","position":1,"name":"Home","item":"https:\/\/www.agriguide.eu\/finland\/fi\/"},{"@type":"ListItem","position":2,"name":"k\u00e4ytt\u00f6ehdot"}]},{"@type":"WebSite","@id":"https:\/\/www.agriguide.eu\/finland\/fi\/#website","url":"https:\/\/www.agriguide.eu\/finland\/fi\/","name":"Finland","description":"","potentialAction":[{"@type":"SearchAction","target":{"@type":"EntryPoint","urlTemplate":"https:\/\/www.agriguide.eu\/finland\/fi\/?s={search_term_string}"},"query-input":{"@type":"PropertyValueSpecification","valueRequired":true,"valueName":"search_term_string"}}],"inLanguage":"fi"}]}},"_links":{"self":[{"href":"https:\/\/www.agriguide.eu\/finland\/fi\/wp-json\/wp\/v2\/pages\/129","targetHints":{"allow":["GET"]}}],"collection":[{"href":"https:\/\/www.agriguide.eu\/finland\/fi\/wp-json\/wp\/v2\/pages"}],"about":[{"href":"https:\/\/www.agriguide.eu\/finland\/fi\/wp-json\/wp\/v2\/types\/page"}],"author":[{"embeddable":true,"href":"https:\/\/www.agriguide.eu\/finland\/fi\/wp-json\/wp\/v2\/users\/5"}],"replies":[{"embeddable":true,"href":"https:\/\/www.agriguide.eu\/finland\/fi\/wp-json\/wp\/v2\/comments?post=129"}],"version-history":[{"count":0,"href":"https:\/\/www.agriguide.eu\/finland\/fi\/wp-json\/wp\/v2\/pages\/129\/revisions"}],"wp:attachment":[{"href":"https:\/\/www.agriguide.eu\/finland\/fi\/wp-json\/wp\/v2\/media?parent=129"}],"curies":[{"name":"wp","href":"https:\/\/api.w.org\/{rel}","templated":true}]}}