{"id":7,"date":"2024-04-18T12:48:15","date_gmt":"2024-04-18T12:48:15","guid":{"rendered":"https:\/\/staging.agriguide.eu\/denmark\/da\/contact-support\/"},"modified":"2025-03-31T05:29:41","modified_gmt":"2025-03-31T05:29:41","slug":"contact-support","status":"publish","type":"page","link":"https:\/\/www.agriguide.eu\/denmark\/da\/contact-support\/","title":{"rendered":"Contact &amp; Support"},"content":{"rendered":"\n<h1 class=\"wp-block-heading has-text-align-center\">Kontakt &amp; Support<br><\/h1>\n\n\n\n<p class=\"has-text-align-center\">T\u00f8v ikke med at kontakte os via e-mailen nedenfor. Vi v\u00e6rds\u00e6tter din feedback og ser frem til at komme i kontakt med dig.<\/p>\n\n\n\n<p class=\"has-text-align-center has-medium-font-size\"><a href=\"mailto:bpn@croplife.dk\" target=\"_blank\" rel=\"noreferrer noopener\">bpn@croplife.dk<\/a><\/p>\n\n\n\n<p><\/p>\n\n\n\n<div style=\"height:100px\" aria-hidden=\"true\" class=\"wp-block-spacer\"><\/div>\n\n\n\n<h2 class=\"wp-block-heading has-text-align-left\">Anmodning om at slette en konto i AgriGuide-appen<\/h2>\n\n\n\n<p><\/p>\n\n\n\n<p><br><\/p>\n\n\n\n<div class=\"wp-block-columns is-layout-flex wp-container-core-columns-is-layout-9d6595d7 wp-block-columns-is-layout-flex\">\n<div class=\"wp-block-column is-layout-flow wp-block-column-is-layout-flow\" style=\"flex-basis:70%\">\n<div class=\"wp-block-group\"><div class=\"wp-block-group__inner-container is-layout-constrained wp-block-group-is-layout-constrained\">\n<p class=\"has-text-align-left\">For at anmode om sletning af din AgriGuide-app-konto, send venligst en e-mail til <a href=\"mailto:contact@agriguide.eu\">contact@agriguide.eu<\/a> med f\u00f8lgende oplysninger:<\/p>\n\n\n\n<p class=\"has-text-align-left has-medium-font-size\"><strong>Krav til sletning af registreret brugerkonto<\/strong><\/p>\n\n\n\n<ul class=\"wp-block-list\">\n<li>Personlige oplysninger: Angiv dit fulde navn og den e-mailadresse, der er tilknyttet din AgriGuide-app-konto.<\/li>\n\n\n\n<li>Kontobekr\u00e6ftelse: Inkluder relevant information, der kan hj\u00e6lpe med at bekr\u00e6fte ejerskab af kontoen, s\u00e5som den dato, du registrerede dig, eller de enheder, du har brugt til at f\u00e5 adgang til appen.<\/li>\n\n\n\n<li>\u00c5rsag til sletning: Angiv klart, hvorfor du \u00f8nsker at slette din AgriGuide-app-konto (valgfrit).<\/li>\n\n\n\n<li>Bekr\u00e6ftelseserkl\u00e6ring: Bekr\u00e6ft, at du forst\u00e5r konsekvenserne af at slette din konto, s\u00e5som at miste adgangen til bogm\u00e6rkede produkter og muligheden for at synkronisere produktinformation p\u00e5 tv\u00e6rs af enheder. Bem\u00e6rk venligst, at alle tilknyttede data vil blive permanent fjernet fra vores systemer ved sletning af din konto.<\/li>\n<\/ul>\n\n\n\n<p class=\"has-text-align-left\"><br><br><strong>Vigtigt:<br><\/strong><br>S\u00f8rg for at sende anmodningen om sletning fra den e-mailadresse, der er knyttet til din AgriGuide-app-konto \u2013 dette letter verificeringsprocessen og sikrer dine oplysninger.<\/p>\n<\/div><\/div>\n<\/div>\n\n\n\n<div class=\"wp-block-column is-layout-flow wp-block-column-is-layout-flow\" style=\"flex-basis:30%\">\n<figure class=\"wp-block-image size-large\">\n\n                                                    \n    \n  <picture>\n    <source type=\"image\/webp\" sizes=\"100vw\" srcset=\"https:\/\/www.agriguide.eu\/denmark\/wp-content\/uploads\/sites\/9\/2025\/03\/257471a8430fa6474615d4e781ac8203-copy-100x0-c-default.webp 100w, https:\/\/www.agriguide.eu\/denmark\/wp-content\/uploads\/sites\/9\/2025\/03\/257471a8430fa6474615d4e781ac8203-copy-200x0-c-default.webp 200w, https:\/\/www.agriguide.eu\/denmark\/wp-content\/uploads\/sites\/9\/2025\/03\/257471a8430fa6474615d4e781ac8203-copy-400x0-c-default.webp 400w, https:\/\/www.agriguide.eu\/denmark\/wp-content\/uploads\/sites\/9\/2025\/03\/257471a8430fa6474615d4e781ac8203-copy-600x0-c-default.webp 600w, https:\/\/www.agriguide.eu\/denmark\/wp-content\/uploads\/sites\/9\/2025\/03\/257471a8430fa6474615d4e781ac8203-copy-800x0-c-default.webp 800w, https:\/\/www.agriguide.eu\/denmark\/wp-content\/uploads\/sites\/9\/2025\/03\/257471a8430fa6474615d4e781ac8203-copy.webp 906w\">\n    <source type=\"image\/jpeg\" sizes=\"100vw\" srcset=\"https:\/\/www.agriguide.eu\/denmark\/wp-content\/uploads\/sites\/9\/2025\/03\/257471a8430fa6474615d4e781ac8203-copy-100x0-c-default.jpg 100w, https:\/\/www.agriguide.eu\/denmark\/wp-content\/uploads\/sites\/9\/2025\/03\/257471a8430fa6474615d4e781ac8203-copy-200x0-c-default.jpg 200w, https:\/\/www.agriguide.eu\/denmark\/wp-content\/uploads\/sites\/9\/2025\/03\/257471a8430fa6474615d4e781ac8203-copy-400x0-c-default.jpg 400w, https:\/\/www.agriguide.eu\/denmark\/wp-content\/uploads\/sites\/9\/2025\/03\/257471a8430fa6474615d4e781ac8203-copy-600x0-c-default.jpg 600w, https:\/\/www.agriguide.eu\/denmark\/wp-content\/uploads\/sites\/9\/2025\/03\/257471a8430fa6474615d4e781ac8203-copy-800x0-c-default.jpg 800w, https:\/\/www.agriguide.eu\/denmark\/wp-content\/uploads\/sites\/9\/2025\/03\/257471a8430fa6474615d4e781ac8203-copy.jpg 906w\">\n    <img class=\"\" width=\"906\" height=\"1920\" alt=\"257471a8430fa6474615d4e781ac8203-copy\" src=\"https:\/\/www.agriguide.eu\/denmark\/wp-content\/uploads\/sites\/9\/2025\/03\/257471a8430fa6474615d4e781ac8203-copy.jpg\" loading=\"lazy\">\n  <\/picture>\n\n<\/figure>\n<\/div>\n<\/div>\n\n\n\n<div style=\"height:64px\" aria-hidden=\"true\" class=\"wp-block-spacer\"><\/div>\n","protected":false},"excerpt":{"rendered":"<p>Kontakt &amp; Support T\u00f8v ikke med at kontakte os via e-mailen nedenfor. Vi v\u00e6rds\u00e6tter din feedback og ser frem til at komme i kontakt med dig. bpn@croplife.dk Anmodning om at slette en konto i AgriGuide-appen For at anmode om sletning af din AgriGuide-app-konto, send venligst en e-mail til contact@agriguide.eu med f\u00f8lgende oplysninger: Krav til sletning [&hellip;]<\/p>\n","protected":false},"author":3,"featured_media":0,"parent":0,"menu_order":0,"comment_status":"closed","ping_status":"closed","template":"","meta":{"_acf_changed":false,"inline_featured_image":false,"footnotes":""},"class_list":["post-7","page","type-page","status-publish","hentry"],"acf":[],"yoast_head":"<!-- This site is optimized with the Yoast SEO plugin v27.5 - https:\/\/yoast.com\/product\/yoast-seo-wordpress\/ -->\n<title>Contact &amp; Support - Denmark<\/title>\n<meta name=\"robots\" content=\"index, follow, max-snippet:-1, max-image-preview:large, max-video-preview:-1\" \/>\n<link rel=\"canonical\" href=\"https:\/\/www.agriguide.eu\/denmark\/da\/contact-support\/\" \/>\n<meta property=\"og:locale\" content=\"da_DK\" \/>\n<meta property=\"og:type\" content=\"article\" \/>\n<meta property=\"og:title\" content=\"Contact &amp; Support - Denmark\" \/>\n<meta property=\"og:description\" content=\"Kontakt &amp; Support T\u00f8v ikke med at kontakte os via e-mailen nedenfor. Vi v\u00e6rds\u00e6tter din feedback og ser frem til at komme i kontakt med dig. bpn@croplife.dk Anmodning om at slette en konto i AgriGuide-appen For at anmode om sletning af din AgriGuide-app-konto, send venligst en e-mail til contact@agriguide.eu med f\u00f8lgende oplysninger: Krav til sletning [&hellip;]\" \/>\n<meta property=\"og:url\" content=\"https:\/\/www.agriguide.eu\/denmark\/da\/contact-support\/\" \/>\n<meta property=\"og:site_name\" content=\"Denmark\" \/>\n<meta property=\"article:modified_time\" content=\"2025-03-31T05:29:41+00:00\" \/>\n<meta property=\"og:image\" content=\"https:\/\/www.agriguide.eu\/denmark\/wp-content\/uploads\/sites\/9\/2025\/03\/257471a8430fa6474615d4e781ac8203-copy-483x1024.jpg\" \/>\n<meta name=\"twitter:card\" content=\"summary_large_image\" \/>\n<meta name=\"twitter:label1\" content=\"Estimeret l\u00e6setid\" \/>\n\t<meta name=\"twitter:data1\" content=\"2 minutter\" \/>\n<script type=\"application\/ld+json\" class=\"yoast-schema-graph\">{\"@context\":\"https:\\\/\\\/schema.org\",\"@graph\":[{\"@type\":\"WebPage\",\"@id\":\"https:\\\/\\\/www.agriguide.eu\\\/denmark\\\/da\\\/contact-support\\\/\",\"url\":\"https:\\\/\\\/www.agriguide.eu\\\/denmark\\\/da\\\/contact-support\\\/\",\"name\":\"Contact &amp; Support - Denmark\",\"isPartOf\":{\"@id\":\"https:\\\/\\\/www.agriguide.eu\\\/denmark\\\/da\\\/#website\"},\"primaryImageOfPage\":{\"@id\":\"https:\\\/\\\/www.agriguide.eu\\\/denmark\\\/da\\\/contact-support\\\/#primaryimage\"},\"image\":{\"@id\":\"https:\\\/\\\/www.agriguide.eu\\\/denmark\\\/da\\\/contact-support\\\/#primaryimage\"},\"thumbnailUrl\":\"https:\\\/\\\/www.agriguide.eu\\\/denmark\\\/wp-content\\\/uploads\\\/sites\\\/9\\\/2025\\\/03\\\/257471a8430fa6474615d4e781ac8203-copy-483x1024.jpg\",\"datePublished\":\"2024-04-18T12:48:15+00:00\",\"dateModified\":\"2025-03-31T05:29:41+00:00\",\"breadcrumb\":{\"@id\":\"https:\\\/\\\/www.agriguide.eu\\\/denmark\\\/da\\\/contact-support\\\/#breadcrumb\"},\"inLanguage\":\"da-DK\",\"potentialAction\":[{\"@type\":\"ReadAction\",\"target\":[\"https:\\\/\\\/www.agriguide.eu\\\/denmark\\\/da\\\/contact-support\\\/\"]}]},{\"@type\":\"ImageObject\",\"inLanguage\":\"da-DK\",\"@id\":\"https:\\\/\\\/www.agriguide.eu\\\/denmark\\\/da\\\/contact-support\\\/#primaryimage\",\"url\":\"https:\\\/\\\/www.agriguide.eu\\\/denmark\\\/wp-content\\\/uploads\\\/sites\\\/9\\\/2025\\\/03\\\/257471a8430fa6474615d4e781ac8203-copy-483x1024.jpg\",\"contentUrl\":\"https:\\\/\\\/www.agriguide.eu\\\/denmark\\\/wp-content\\\/uploads\\\/sites\\\/9\\\/2025\\\/03\\\/257471a8430fa6474615d4e781ac8203-copy-483x1024.jpg\"},{\"@type\":\"BreadcrumbList\",\"@id\":\"https:\\\/\\\/www.agriguide.eu\\\/denmark\\\/da\\\/contact-support\\\/#breadcrumb\",\"itemListElement\":[{\"@type\":\"ListItem\",\"position\":1,\"name\":\"Home\",\"item\":\"https:\\\/\\\/www.agriguide.eu\\\/denmark\\\/da\\\/\"},{\"@type\":\"ListItem\",\"position\":2,\"name\":\"Contact &amp; Support\"}]},{\"@type\":\"WebSite\",\"@id\":\"https:\\\/\\\/www.agriguide.eu\\\/denmark\\\/da\\\/#website\",\"url\":\"https:\\\/\\\/www.agriguide.eu\\\/denmark\\\/da\\\/\",\"name\":\"Denmark\",\"description\":\"\",\"potentialAction\":[{\"@type\":\"SearchAction\",\"target\":{\"@type\":\"EntryPoint\",\"urlTemplate\":\"https:\\\/\\\/www.agriguide.eu\\\/denmark\\\/da\\\/?s={search_term_string}\"},\"query-input\":{\"@type\":\"PropertyValueSpecification\",\"valueRequired\":true,\"valueName\":\"search_term_string\"}}],\"inLanguage\":\"da-DK\"}]}<\/script>\n<!-- \/ Yoast SEO plugin. -->","yoast_head_json":{"title":"Contact &amp; Support - Denmark","robots":{"index":"index","follow":"follow","max-snippet":"max-snippet:-1","max-image-preview":"max-image-preview:large","max-video-preview":"max-video-preview:-1"},"canonical":"https:\/\/www.agriguide.eu\/denmark\/da\/contact-support\/","og_locale":"da_DK","og_type":"article","og_title":"Contact &amp; Support - Denmark","og_description":"Kontakt &amp; Support T\u00f8v ikke med at kontakte os via e-mailen nedenfor. Vi v\u00e6rds\u00e6tter din feedback og ser frem til at komme i kontakt med dig. bpn@croplife.dk Anmodning om at slette en konto i AgriGuide-appen For at anmode om sletning af din AgriGuide-app-konto, send venligst en e-mail til contact@agriguide.eu med f\u00f8lgende oplysninger: Krav til sletning [&hellip;]","og_url":"https:\/\/www.agriguide.eu\/denmark\/da\/contact-support\/","og_site_name":"Denmark","article_modified_time":"2025-03-31T05:29:41+00:00","og_image":[{"url":"https:\/\/www.agriguide.eu\/denmark\/wp-content\/uploads\/sites\/9\/2025\/03\/257471a8430fa6474615d4e781ac8203-copy-483x1024.jpg","type":"","width":"","height":""}],"twitter_card":"summary_large_image","twitter_misc":{"Estimeret l\u00e6setid":"2 minutter"},"schema":{"@context":"https:\/\/schema.org","@graph":[{"@type":"WebPage","@id":"https:\/\/www.agriguide.eu\/denmark\/da\/contact-support\/","url":"https:\/\/www.agriguide.eu\/denmark\/da\/contact-support\/","name":"Contact &amp; Support - Denmark","isPartOf":{"@id":"https:\/\/www.agriguide.eu\/denmark\/da\/#website"},"primaryImageOfPage":{"@id":"https:\/\/www.agriguide.eu\/denmark\/da\/contact-support\/#primaryimage"},"image":{"@id":"https:\/\/www.agriguide.eu\/denmark\/da\/contact-support\/#primaryimage"},"thumbnailUrl":"https:\/\/www.agriguide.eu\/denmark\/wp-content\/uploads\/sites\/9\/2025\/03\/257471a8430fa6474615d4e781ac8203-copy-483x1024.jpg","datePublished":"2024-04-18T12:48:15+00:00","dateModified":"2025-03-31T05:29:41+00:00","breadcrumb":{"@id":"https:\/\/www.agriguide.eu\/denmark\/da\/contact-support\/#breadcrumb"},"inLanguage":"da-DK","potentialAction":[{"@type":"ReadAction","target":["https:\/\/www.agriguide.eu\/denmark\/da\/contact-support\/"]}]},{"@type":"ImageObject","inLanguage":"da-DK","@id":"https:\/\/www.agriguide.eu\/denmark\/da\/contact-support\/#primaryimage","url":"https:\/\/www.agriguide.eu\/denmark\/wp-content\/uploads\/sites\/9\/2025\/03\/257471a8430fa6474615d4e781ac8203-copy-483x1024.jpg","contentUrl":"https:\/\/www.agriguide.eu\/denmark\/wp-content\/uploads\/sites\/9\/2025\/03\/257471a8430fa6474615d4e781ac8203-copy-483x1024.jpg"},{"@type":"BreadcrumbList","@id":"https:\/\/www.agriguide.eu\/denmark\/da\/contact-support\/#breadcrumb","itemListElement":[{"@type":"ListItem","position":1,"name":"Home","item":"https:\/\/www.agriguide.eu\/denmark\/da\/"},{"@type":"ListItem","position":2,"name":"Contact &amp; Support"}]},{"@type":"WebSite","@id":"https:\/\/www.agriguide.eu\/denmark\/da\/#website","url":"https:\/\/www.agriguide.eu\/denmark\/da\/","name":"Denmark","description":"","potentialAction":[{"@type":"SearchAction","target":{"@type":"EntryPoint","urlTemplate":"https:\/\/www.agriguide.eu\/denmark\/da\/?s={search_term_string}"},"query-input":{"@type":"PropertyValueSpecification","valueRequired":true,"valueName":"search_term_string"}}],"inLanguage":"da-DK"}]}},"_links":{"self":[{"href":"https:\/\/www.agriguide.eu\/denmark\/da\/wp-json\/wp\/v2\/pages\/7","targetHints":{"allow":["GET"]}}],"collection":[{"href":"https:\/\/www.agriguide.eu\/denmark\/da\/wp-json\/wp\/v2\/pages"}],"about":[{"href":"https:\/\/www.agriguide.eu\/denmark\/da\/wp-json\/wp\/v2\/types\/page"}],"author":[{"embeddable":true,"href":"https:\/\/www.agriguide.eu\/denmark\/da\/wp-json\/wp\/v2\/users\/3"}],"replies":[{"embeddable":true,"href":"https:\/\/www.agriguide.eu\/denmark\/da\/wp-json\/wp\/v2\/comments?post=7"}],"version-history":[{"count":0,"href":"https:\/\/www.agriguide.eu\/denmark\/da\/wp-json\/wp\/v2\/pages\/7\/revisions"}],"wp:attachment":[{"href":"https:\/\/www.agriguide.eu\/denmark\/da\/wp-json\/wp\/v2\/media?parent=7"}],"curies":[{"name":"wp","href":"https:\/\/api.w.org\/{rel}","templated":true}]}}